{"id":178,"date":"2018-03-19T12:10:41","date_gmt":"2018-03-19T12:10:41","guid":{"rendered":"http:\/\/bbcomdoo.com\/?page_id=178"},"modified":"2018-03-19T17:18:25","modified_gmt":"2018-03-19T17:18:25","slug":"kopalnice-vodovodna-dela","status":"publish","type":"page","link":"https:\/\/bbcomdoo.com\/?page_id=178","title":{"rendered":"KOPALNICE-vodovodna dela"},"content":{"rendered":"<p><img loading=\"lazy\" decoding=\"async\" class=\"size-full wp-image-186 alignleft\" src=\"http:\/\/bbcomdoo.com\/wp-content\/uploads\/2018\/03\/kopal.png\" alt=\"\" width=\"200\" height=\"267\" \/><\/p>\n<p><strong>\u00a0 Prenova kopalnic<\/strong><\/p>\n<p>&nbsp;<\/p>\n<ul>\n<li><span style=\"color: #000000;\">\u00a0 \u00a0 \u00a0 vodovodna dela<\/span><\/li>\n<li><span style=\"color: #000000;\">\u00a0 \u00a0 \u00a0 kerami\u010darska dela<\/span><\/li>\n<li><span style=\"color: #000000;\">\u00a0 \u00a0 \u00a0 steklarska dela<\/span><\/li>\n<li><span style=\"color: #000000;\">\u00a0 \u00a0 \u00a0 soboslikarska dela<\/span><\/li>\n<li><span style=\"color: #000000;\">\u00a0 \u00a0 \u00a0 nabava materiala<\/span><\/li>\n<li><span style=\"color: #000000;\">\u00a0 \u00a0 \u00a0 odvoz materiala<\/span><\/li>\n<\/ul>\n<p>&nbsp;<\/p>\n<p>&nbsp;<\/p>\n<p><img loading=\"lazy\" decoding=\"async\" class=\"size-medium wp-image-188 alignleft\" src=\"http:\/\/bbcomdoo.com\/wp-content\/uploads\/2018\/03\/radiator-300x225.png\" alt=\"\" width=\"300\" height=\"225\" srcset=\"https:\/\/bbcomdoo.com\/wp-content\/uploads\/2018\/03\/radiator-300x225.png 300w, https:\/\/bbcomdoo.com\/wp-content\/uploads\/2018\/03\/radiator.png 348w\" sizes=\"auto, (max-width: 300px) 100vw, 300px\" \/><\/p>\n<p><strong>Menjava radiatorjev. <\/strong><span style=\"color: #000000;\">Demonta\u017ea, monta\u017ea radiatorjev razli\u010dnih proizvajalcev ( Bial, Gorenje, Korado, Vogel noot, De Longhi, Aklimat&#8230;) Nabava in odvoz starega radiatorja.<\/span><\/p>\n<p>&nbsp;<\/p>\n<p>&nbsp;<\/p>\n<p>&nbsp;<\/p>\n<p><img loading=\"lazy\" decoding=\"async\" class=\"alignnone size-full wp-image-185\" src=\"http:\/\/bbcomdoo.com\/wp-content\/uploads\/2018\/03\/bojler.png\" alt=\"\" width=\"188\" height=\"188\" srcset=\"https:\/\/bbcomdoo.com\/wp-content\/uploads\/2018\/03\/bojler.png 188w, https:\/\/bbcomdoo.com\/wp-content\/uploads\/2018\/03\/bojler-150x150.png 150w, https:\/\/bbcomdoo.com\/wp-content\/uploads\/2018\/03\/bojler-100x100.png 100w\" sizes=\"auto, (max-width: 188px) 100vw, 188px\" \/>\u00a0 \u00a0 \u00a0 \u00a0 \u00a0 \u00a0 \u00a0 <img loading=\"lazy\" decoding=\"async\" class=\"alignnone wp-image-184\" src=\"http:\/\/bbcomdoo.com\/wp-content\/uploads\/2018\/03\/pipa.png\" alt=\"\" width=\"231\" height=\"140\" \/> <img loading=\"lazy\" decoding=\"async\" class=\"size-full wp-image-187 alignleft\" src=\"http:\/\/bbcomdoo.com\/wp-content\/uploads\/2018\/03\/tus\u030c.png\" alt=\"\" width=\"204\" height=\"204\" srcset=\"https:\/\/bbcomdoo.com\/wp-content\/uploads\/2018\/03\/tus\u030c.png 204w, https:\/\/bbcomdoo.com\/wp-content\/uploads\/2018\/03\/tus\u030c-150x150.png 150w, https:\/\/bbcomdoo.com\/wp-content\/uploads\/2018\/03\/tus\u030c-100x100.png 100w\" sizes=\"auto, (max-width: 204px) 100vw, 204px\" \/><\/p>\n<p><span style=\"color: #000000;\">\u010ci\u0161\u010denje ali zamenjava bojlerjev, popravilo ali zamenjava armatur (pipe), monta\u017ea tu\u0161ev, razna drobna popravila.<\/span><\/p>\n<p>&nbsp;<\/p>\n<p>&nbsp;<\/p>\n<p>&nbsp;<\/p>\n<p><img loading=\"lazy\" decoding=\"async\" class=\"size-full wp-image-190 alignleft\" src=\"http:\/\/bbcomdoo.com\/wp-content\/uploads\/2018\/03\/postaja.png\" alt=\"\" width=\"263\" height=\"197\" \/><\/p>\n<p><span style=\"color: #000000;\">Menjava kalorimetrov in vodomerov v toplotnih postajah in podpostajah, ter popravila sistema.<\/span><\/p>\n<p>&nbsp;<\/p>\n","protected":false},"excerpt":{"rendered":"<p>\u00a0 Prenova kopalnic &nbsp; \u00a0 \u00a0 \u00a0 vodovodna dela \u00a0 \u00a0 \u00a0 kerami\u010darska dela \u00a0 \u00a0 \u00a0 steklarska dela \u00a0 \u00a0 \u00a0 soboslikarska dela \u00a0 \u00a0 \u00a0 nabava materiala \u00a0 \u00a0 \u00a0 odvoz materiala &nbsp; &nbsp; Menjava radiatorjev. Demonta\u017ea, monta\u017ea radiatorjev razli\u010dnih proizvajalcev ( Bial, Gorenje, Korado, Vogel noot, De Longhi, Aklimat&#8230;) Nabava in odvoz &hellip; <\/p>\n<p class=\"link-more\"><a href=\"https:\/\/bbcomdoo.com\/?page_id=178\" class=\"more-link\">Continue reading<span class=\"screen-reader-text\"> &#8220;KOPALNICE-vodovodna dela&#8221;<\/span><\/a><\/p>\n","protected":false},"author":1,"featured_media":0,"parent":0,"menu_order":0,"comment_status":"closed","ping_status":"closed","template":"","meta":{"footnotes":""},"class_list":["post-178","page","type-page","status-publish","hentry"],"aioseo_notices":[],"_links":{"self":[{"href":"https:\/\/bbcomdoo.com\/index.php?rest_route=\/wp\/v2\/pages\/178","targetHints":{"allow":["GET"]}}],"collection":[{"href":"https:\/\/bbcomdoo.com\/index.php?rest_route=\/wp\/v2\/pages"}],"about":[{"href":"https:\/\/bbcomdoo.com\/index.php?rest_route=\/wp\/v2\/types\/page"}],"author":[{"embeddable":true,"href":"https:\/\/bbcomdoo.com\/index.php?rest_route=\/wp\/v2\/users\/1"}],"replies":[{"embeddable":true,"href":"https:\/\/bbcomdoo.com\/index.php?rest_route=%2Fwp%2Fv2%2Fcomments&post=178"}],"version-history":[{"count":5,"href":"https:\/\/bbcomdoo.com\/index.php?rest_route=\/wp\/v2\/pages\/178\/revisions"}],"predecessor-version":[{"id":195,"href":"https:\/\/bbcomdoo.com\/index.php?rest_route=\/wp\/v2\/pages\/178\/revisions\/195"}],"wp:attachment":[{"href":"https:\/\/bbcomdoo.com\/index.php?rest_route=%2Fwp%2Fv2%2Fmedia&parent=178"}],"curies":[{"name":"wp","href":"https:\/\/api.w.org\/{rel}","templated":true}]}}