{"id":78,"date":"2018-03-17T14:14:19","date_gmt":"2018-03-17T14:14:19","guid":{"rendered":"http:\/\/bbcomdoo.com\/?page_id=78"},"modified":"2019-06-25T17:41:14","modified_gmt":"2019-06-25T17:41:14","slug":"o-nas","status":"publish","type":"page","link":"https:\/\/bbcomdoo.com\/","title":{"rendered":"O nas"},"content":{"rendered":"\n<table class=\"wp-block-table aligncenter\"><tbody><tr><td>Smo podjetje, ki stavi vedno na kvaliteto, prijaznost in hiter   odziv\u00a0 (24 h) na\u0161im strankam.\u00a0 Na\u0161e ponudbe so prilagojene trgu, kar nas \u0161e posebej <br>odlikuje. V na\u0161e dobro delo je \u017ee prepri\u010danih 17 825   eta\u017enih lastnikov v<br>Sloveniji. Prisotni smo tudi na tujih trgih. Smo partnerji podjetja Siemens  katero kvaliteto proizvodov\u00a0 poznajo\u00a0 prav vsi. Od leta 1992 nas trg pozna kot MISTIK d.o.o od leta 2013 pa delujemo pod   imenom BBCOM d.o.o..   \u00a0Na\u0161a specialnost so : <br> <strong>vgradnja   in servis vodomerov, kalorimetrov in delilnikov,<\/strong><br><strong> ter<\/strong> <strong> \u00a0od\u010ditavanje in obra\u010dun porabe vode in toplote za   ogrevanje.<\/strong>   \u00a0   Kontaktirajte nas in se prepri\u010dajte v na\u0161o strokovnost, natan\u010dnost in<br> seveda ugodnost na\u0161ih ponudb.   \u00a0   <\/td><\/tr><tr><td>BBcom d.o.o.\u00a0\u00a0\u00a0\u00a0\u00a0\u00a0\u00a0\u00a0\u00a0\u00a0\u00a0\u00a0\u00a0\u00a0\u00a0\u00a0\u00a0\u00a0\u00a0\u00a0\u00a0\u00a0\u00a0\u00a0\u00a0\u00a0\u00a0\u00a0\u00a0\u00a0\u00a0\u00a0\u00a0\u00a0\u00a0\u00a0\u00a0\u00a0\u00a0\u00a0\u00a0\u00a0\u00a0\u00a0\u00a0\u00a0\u00a0\u00a0\u00a0\u00a0\u00a0\u00a0\u00a0\u00a0\u00a0\u00a0\u00a0\u00a0\u00a0\u00a0\u00a0\u00a0\u00a0\u00a0     D\u0160.: SI73359904 <br>Ma\u010dkovci 6\u00a0\u00a0\u00a0\u00a0\u00a0\u00a0\u00a0\u00a0\u00a0\u00a0\u00a0\u00a0\u00a0\u00a0\u00a0\u00a0\u00a0\u00a0\u00a0\u00a0\u00a0\u00a0\u00a0\u00a0\u00a0\u00a0\u00a0\u00a0\u00a0\u00a0\u00a0\u00a0\u00a0\u00a0\u00a0\u00a0\u00a0\u00a0\u00a0\u00a0\u00a0\u00a0\u00a0\u00a0\u00a0\u00a0\u00a0\u00a0\u00a0\u00a0\u00a0\u00a0\u00a0\u00a0\u00a0\u00a0\u00a0\u00a0\u00a0\u00a0\u00a0\u00a0\u00a0\u00a0\u00a0   Telefon: 041\/790-720 <br>1230 Dom\u017eale\u00a0\u00a0\u00a0\u00a0\u00a0\u00a0\u00a0\u00a0\u00a0\u00a0\u00a0\u00a0\u00a0\u00a0\u00a0\u00a0\u00a0\u00a0\u00a0\u00a0\u00a0\u00a0\u00a0\u00a0\u00a0\u00a0\u00a0\u00a0\u00a0\u00a0\u00a0\u00a0\u00a0\u00a0\u00a0\u00a0\u00a0\u00a0\u00a0\u00a0\u00a0\u00a0\u00a0\u00a0\u00a0\u00a0\u00a0\u00a0\u00a0\u00a0\u00a0\u00a0e-mail: <a href=\"mailto:bbcomdoo@gmail.com\">bbcomdoo@gmail.com<\/a>   <\/td><\/tr><\/tbody><\/table>\n","protected":false},"excerpt":{"rendered":"<p>Smo podjetje, ki stavi vedno na kvaliteto, prijaznost in hiter odziv\u00a0 (24 h) na\u0161im strankam.\u00a0 Na\u0161e ponudbe so prilagojene trgu, kar nas \u0161e posebej odlikuje. V na\u0161e dobro delo je \u017ee prepri\u010danih 17 825 eta\u017enih lastnikov vSloveniji. Prisotni smo tudi na tujih trgih. Smo partnerji podjetja Siemens katero kvaliteto proizvodov\u00a0 poznajo\u00a0 prav vsi. Od leta &hellip; <\/p>\n<p class=\"link-more\"><a href=\"https:\/\/bbcomdoo.com\/\" class=\"more-link\">Continue reading<span class=\"screen-reader-text\"> &#8220;O nas&#8221;<\/span><\/a><\/p>\n","protected":false},"author":1,"featured_media":0,"parent":0,"menu_order":0,"comment_status":"closed","ping_status":"closed","template":"","meta":{"footnotes":""},"class_list":["post-78","page","type-page","status-publish","hentry"],"aioseo_notices":[],"_links":{"self":[{"href":"https:\/\/bbcomdoo.com\/index.php?rest_route=\/wp\/v2\/pages\/78","targetHints":{"allow":["GET"]}}],"collection":[{"href":"https:\/\/bbcomdoo.com\/index.php?rest_route=\/wp\/v2\/pages"}],"about":[{"href":"https:\/\/bbcomdoo.com\/index.php?rest_route=\/wp\/v2\/types\/page"}],"author":[{"embeddable":true,"href":"https:\/\/bbcomdoo.com\/index.php?rest_route=\/wp\/v2\/users\/1"}],"replies":[{"embeddable":true,"href":"https:\/\/bbcomdoo.com\/index.php?rest_route=%2Fwp%2Fv2%2Fcomments&post=78"}],"version-history":[{"count":10,"href":"https:\/\/bbcomdoo.com\/index.php?rest_route=\/wp\/v2\/pages\/78\/revisions"}],"predecessor-version":[{"id":208,"href":"https:\/\/bbcomdoo.com\/index.php?rest_route=\/wp\/v2\/pages\/78\/revisions\/208"}],"wp:attachment":[{"href":"https:\/\/bbcomdoo.com\/index.php?rest_route=%2Fwp%2Fv2%2Fmedia&parent=78"}],"curies":[{"name":"wp","href":"https:\/\/api.w.org\/{rel}","templated":true}]}}