{"id":80,"date":"2018-03-17T14:21:04","date_gmt":"2018-03-17T14:21:04","guid":{"rendered":"http:\/\/bbcomdoo.com\/?page_id=80"},"modified":"2020-12-10T15:57:48","modified_gmt":"2020-12-10T15:57:48","slug":"delilniki","status":"publish","type":"page","link":"https:\/\/bbcomdoo.com\/?page_id=80","title":{"rendered":"DELILNIKI"},"content":{"rendered":"<p><img loading=\"lazy\" decoding=\"async\" class=\"alignnone size-medium wp-image-58\" src=\"http:\/\/bbcomdoo.com\/wp-content\/uploads\/2018\/03\/siemens-300x69.png\" alt=\"\" width=\"300\" height=\"69\" srcset=\"https:\/\/bbcomdoo.com\/wp-content\/uploads\/2018\/03\/siemens-300x69.png 300w, https:\/\/bbcomdoo.com\/wp-content\/uploads\/2018\/03\/siemens.png 454w\" sizes=\"auto, (max-width: 300px) 100vw, 300px\" \/><\/p>\n<p><strong>Delilnik<\/strong><\/p>\n<p><img loading=\"lazy\" decoding=\"async\" class=\"size-full wp-image-62 alignleft\" src=\"http:\/\/bbcomdoo.com\/wp-content\/uploads\/2018\/03\/delilnik.png\" alt=\"\" width=\"138\" height=\"287\"><\/p>\n<p style=\"margin: 0cm 0cm 15.0pt 0cm;\"><span lang=\"SL\" style=\"font-family: Arial;\">Delilnik WHE5 je dvotipalna naprava, ki ima 5-mestni LCD zaslon in je proizvedena tako, da omogo\u010da uporabniku natan\u010den pregled lastne porabe toplotne energije. Naprava je proizvedena brez gumbov, saj se podatki izmenjujo\u010de, cikli\u010dno v pribli\u017eno 5 sekundnem intervalu, prikazujejo na zaslonu delilnika ves \u010das trajanja \u017eivljenjske dobe baterije. Delilnik je naprava, izdelana skladno s SIST EN 834, napaja pa jo baterija z \u017eivljenjsko dobo 10 let. Proti nepoobla\u0161\u010denim posegom je naprava za\u0161\u010ditena z varovalno plombo.<\/span><\/p>\n<p>&nbsp;<\/p>\n<p>&nbsp;<\/p>\n<p><strong>Monta\u017ea delilnika<\/strong><\/p>\n<p><img loading=\"lazy\" decoding=\"async\" class=\"size-full wp-image-63 alignleft\" src=\"http:\/\/bbcomdoo.com\/wp-content\/uploads\/2018\/03\/plos\u030cc\u030ca.png\" alt=\"\" width=\"83\" height=\"134\">&nbsp; &nbsp; &nbsp; &nbsp; &nbsp;<img loading=\"lazy\" decoding=\"async\" class=\"size-full wp-image-64 alignleft\" src=\"http:\/\/bbcomdoo.com\/wp-content\/uploads\/2018\/03\/senzor.png\" alt=\"\" width=\"182\" height=\"171\"><\/p>\n<p>&nbsp;<\/p>\n<p style=\"margin: 0cm 0cm 15.0pt 0cm;\"><span lang=\"SL\" style=\"font-family: Arial;\">Monta\u017ea delilnika WHE5 se izvede na posamezen radiator neodvisno od tipa radiatorja (rebrasti, plo\u0161\u010dati, lestev, \u2026). je tudi idealna zamenjava za starej\u0161e modele delilnikov. Namesti se lahko na starej\u0161e modele podno\u017eij delilnikov, saj obdelani nosilni aluminijasti profil z luknjami ustreza skoraj vsem razporeditvam pritrdilnih vijakov, kar pomeni, da slednjih ni potrebno odstraniti in ponovno privariti<span style=\"color: #4f6374;\">.<\/span><\/span><\/p>\n<p><strong>Daljinsko od\u010ditavanje<\/strong><\/p>\n<p>Sistem centralnega od\u010ditavanja merilnikov, je vodilni sistem radijske tehnologije na trgu.&nbsp; Vsa odjemna mesta&nbsp; v gospodinjstvih lahko merimo z merilnimi&nbsp; napravami, izmerjene vrednosti pa brez\u017ei\u010dno prenesemo v centralne enote sistema. Zahvaljujo\u010d nenehni izmenjavi podatkov med napravami, ima vsaka izmed centralnih enot shranjene vse podatke o porabi, kar pomeni, da so vsi podatki vedno dosegljivi, le te pa lahko pridobimo iz centralnih enot preko razli\u010dnih vmesnikov.<\/p>\n<p>&nbsp;<\/p>\n<p>&nbsp;<\/p>\n","protected":false},"excerpt":{"rendered":"<p>Delilnik Delilnik WHE5 je dvotipalna naprava, ki ima 5-mestni LCD zaslon in je proizvedena tako, da omogo\u010da uporabniku natan\u010den pregled lastne porabe toplotne energije. Naprava je proizvedena brez gumbov, saj se podatki izmenjujo\u010de, cikli\u010dno v pribli\u017eno 5 sekundnem intervalu, prikazujejo na zaslonu delilnika ves \u010das trajanja \u017eivljenjske dobe baterije. Delilnik je naprava, izdelana skladno s &hellip; <\/p>\n<p class=\"link-more\"><a href=\"https:\/\/bbcomdoo.com\/?page_id=80\" class=\"more-link\">Continue reading<span class=\"screen-reader-text\"> &#8220;DELILNIKI&#8221;<\/span><\/a><\/p>\n","protected":false},"author":1,"featured_media":0,"parent":0,"menu_order":0,"comment_status":"closed","ping_status":"closed","template":"","meta":{"footnotes":""},"class_list":["post-80","page","type-page","status-publish","hentry"],"aioseo_notices":[],"_links":{"self":[{"href":"https:\/\/bbcomdoo.com\/index.php?rest_route=\/wp\/v2\/pages\/80","targetHints":{"allow":["GET"]}}],"collection":[{"href":"https:\/\/bbcomdoo.com\/index.php?rest_route=\/wp\/v2\/pages"}],"about":[{"href":"https:\/\/bbcomdoo.com\/index.php?rest_route=\/wp\/v2\/types\/page"}],"author":[{"embeddable":true,"href":"https:\/\/bbcomdoo.com\/index.php?rest_route=\/wp\/v2\/users\/1"}],"replies":[{"embeddable":true,"href":"https:\/\/bbcomdoo.com\/index.php?rest_route=%2Fwp%2Fv2%2Fcomments&post=80"}],"version-history":[{"count":6,"href":"https:\/\/bbcomdoo.com\/index.php?rest_route=\/wp\/v2\/pages\/80\/revisions"}],"predecessor-version":[{"id":209,"href":"https:\/\/bbcomdoo.com\/index.php?rest_route=\/wp\/v2\/pages\/80\/revisions\/209"}],"wp:attachment":[{"href":"https:\/\/bbcomdoo.com\/index.php?rest_route=%2Fwp%2Fv2%2Fmedia&parent=80"}],"curies":[{"name":"wp","href":"https:\/\/api.w.org\/{rel}","templated":true}]}}