{"id":90,"date":"2018-03-17T14:31:17","date_gmt":"2018-03-17T14:31:17","guid":{"rendered":"http:\/\/bbcomdoo.com\/?page_id=90"},"modified":"2020-12-11T16:32:34","modified_gmt":"2020-12-11T16:32:34","slug":"vodomeri","status":"publish","type":"page","link":"https:\/\/bbcomdoo.com\/?page_id=90","title":{"rendered":"VODOMERI"},"content":{"rendered":"<p><img loading=\"lazy\" decoding=\"async\" class=\"alignnone size-medium wp-image-58\" src=\"http:\/\/bbcomdoo.com\/wp-content\/uploads\/2018\/03\/siemens-300x69.png\" alt=\"\" width=\"300\" height=\"69\" srcset=\"https:\/\/bbcomdoo.com\/wp-content\/uploads\/2018\/03\/siemens-300x69.png 300w, https:\/\/bbcomdoo.com\/wp-content\/uploads\/2018\/03\/siemens.png 454w\" sizes=\"auto, (max-width: 300px) 100vw, 300px\" \/><\/p>\n<p><strong>VODOMERI<\/strong><\/p>\n<p>so namenjeni merjenju porabe hladne ali tople vode v stanovanjskih enotah. Vodomeri se po zakonu menjajo ali umerjajo na 5 let, moduli za daljinsko od\u010ditavanje AMR ali Walk By na 10 let, zaradi iztro\u0161enosti baterije, moduli za M-Bus pa ostajajo.<\/p>\n<h1><strong>Ventilski <\/strong><\/h1>\n<p><img loading=\"lazy\" decoding=\"async\" class=\"size-full wp-image-53 alignleft\" src=\"http:\/\/bbcomdoo.com\/wp-content\/uploads\/2018\/03\/ventilski.png\" alt=\"\" width=\"234\" height=\"219\" \/><\/p>\n<p>\u00a0<\/p>\n<p>\u00a0<\/p>\n<p><span lang=\"SL\" style=\"font-family: Arial;\">Vgradnja v stanovanjske enote z ve\u010dimi vertikalnimi vodi . Od\u010ditavanje daljinsko AMR preko centralnih enot.<\/span><\/p>\n<p>\u00a0<\/p>\n<p>\u00a0<\/p>\n<h1><strong>Elektronski<\/strong><\/h1>\n<p><img loading=\"lazy\" decoding=\"async\" class=\"size-full wp-image-54 alignleft\" src=\"http:\/\/bbcomdoo.com\/wp-content\/uploads\/2018\/03\/elektronski.png\" alt=\"\" width=\"214\" height=\"176\" \/><\/p>\n<p>\u00a0<\/p>\n<p><span lang=\"SL\" style=\"font-family: Arial;\">Vodni \u0161tevec z vgrajenim modulom za daljinsko od\u010ditavanje AMR ali Walk By. Vgrajuje se v pripravljene ja\u0161ke v hodnikih ali kopalnicah (kuhinje, WC). <\/span><\/p>\n<p>\u00a0<\/p>\n<h1><strong>Mehanski<\/strong><\/h1>\n<p><img loading=\"lazy\" decoding=\"async\" class=\"size-full wp-image-56 alignleft\" src=\"http:\/\/bbcomdoo.com\/wp-content\/uploads\/2018\/03\/mahanski.png\" alt=\"\" width=\"207\" height=\"154\" \/><\/p>\n<p>\u00a0<\/p>\n<p><span lang=\"SL\" style=\"font-family: Arial;\">Vodni \u0161tevec za ro\u010dno od\u010ditavanje ali daljinskim od\u010ditavanjem z modulom AMR ali Walk By.<\/span><\/p>\n<p>\u00a0<\/p>\n<p>\u00a0<\/p>\n<p><img loading=\"lazy\" decoding=\"async\" class=\"\" src=\"https:\/\/bbcomdoo.com\/wp-content\/uploads\/2020\/12\/WFZ166.MO_-1.jpg\" alt=\"This image has an empty alt attribute; its file name is WFZ166.MO_-1.jpg\" width=\"149\" height=\"150\" \/>modul za daljinsko od\u010ditavanje AMR ali Walk By<\/p>\n<p><img decoding=\"async\" src=\"https:\/\/bbcomdoo.com\/wp-content\/uploads\/2020\/12\/WFZ31-2.jpg\" alt=\"This image has an empty alt attribute; its file name is WFZ31-2.jpg\" \/>\u00a0 modul za daljinsko od\u010ditavanje M-Bus<\/p>\n<h1><strong>Pulzni<\/strong><\/h1>\n<p><img loading=\"lazy\" decoding=\"async\" class=\"size-full wp-image-55 alignleft\" src=\"http:\/\/bbcomdoo.com\/wp-content\/uploads\/2018\/03\/pulzni.png\" alt=\"\" width=\"245\" height=\"205\" \/><\/p>\n<p>\u00a0<\/p>\n<p><span lang=\"SL\" style=\"font-family: Arial;\">Vodni \u0161tevec za ro\u010dno od\u010ditavanje ali daljinskim od\u010ditavanjem M-bus z pulznim modulom.<\/span><\/p>\n<p>\u00a0<\/p>\n<p>\u00a0<\/p>\n<p>pulzni vmesnik za M-Bus od\u010ditavanje<\/p>\n\n\n<figure class=\"wp-block-image size-large is-style-default\"><img loading=\"lazy\" decoding=\"async\" width=\"272\" height=\"185\" src=\"https:\/\/bbcomdoo.com\/wp-content\/uploads\/2020\/12\/WFZ44-7.jpg\" alt=\"\" class=\"wp-image-280\"\/><\/figure>\n\n\n\n<p><\/p>\n","protected":false},"excerpt":{"rendered":"<p>VODOMERI so namenjeni merjenju porabe hladne ali tople vode v stanovanjskih enotah. Vodomeri se po zakonu menjajo ali umerjajo na 5 let, moduli za daljinsko od\u010ditavanje AMR ali Walk By na 10 let, zaradi iztro\u0161enosti baterije, moduli za M-Bus pa ostajajo. Ventilski \u00a0 \u00a0 Vgradnja v stanovanjske enote z ve\u010dimi vertikalnimi vodi . Od\u010ditavanje daljinsko &hellip; <\/p>\n<p class=\"link-more\"><a href=\"https:\/\/bbcomdoo.com\/?page_id=90\" class=\"more-link\">Continue reading<span class=\"screen-reader-text\"> &#8220;VODOMERI&#8221;<\/span><\/a><\/p>\n","protected":false},"author":1,"featured_media":0,"parent":0,"menu_order":0,"comment_status":"closed","ping_status":"closed","template":"","meta":{"footnotes":""},"class_list":["post-90","page","type-page","status-publish","hentry"],"aioseo_notices":[],"_links":{"self":[{"href":"https:\/\/bbcomdoo.com\/index.php?rest_route=\/wp\/v2\/pages\/90","targetHints":{"allow":["GET"]}}],"collection":[{"href":"https:\/\/bbcomdoo.com\/index.php?rest_route=\/wp\/v2\/pages"}],"about":[{"href":"https:\/\/bbcomdoo.com\/index.php?rest_route=\/wp\/v2\/types\/page"}],"author":[{"embeddable":true,"href":"https:\/\/bbcomdoo.com\/index.php?rest_route=\/wp\/v2\/users\/1"}],"replies":[{"embeddable":true,"href":"https:\/\/bbcomdoo.com\/index.php?rest_route=%2Fwp%2Fv2%2Fcomments&post=90"}],"version-history":[{"count":4,"href":"https:\/\/bbcomdoo.com\/index.php?rest_route=\/wp\/v2\/pages\/90\/revisions"}],"predecessor-version":[{"id":282,"href":"https:\/\/bbcomdoo.com\/index.php?rest_route=\/wp\/v2\/pages\/90\/revisions\/282"}],"wp:attachment":[{"href":"https:\/\/bbcomdoo.com\/index.php?rest_route=%2Fwp%2Fv2%2Fmedia&parent=90"}],"curies":[{"name":"wp","href":"https:\/\/api.w.org\/{rel}","templated":true}]}}